{"id":190,"date":"2025-03-23T14:41:26","date_gmt":"2025-03-23T13:41:26","guid":{"rendered":"https:\/\/belorder.com\/contact\/"},"modified":"2026-03-07T20:35:33","modified_gmt":"2026-03-07T19:35:33","slug":"contact","status":"publish","type":"page","link":"https:\/\/belorder.com\/en\/contact\/","title":{"rendered":"Contact"},"content":{"rendered":"\t\t<div data-elementor-type=\"wp-page\" data-elementor-id=\"190\" class=\"elementor elementor-190\" data-elementor-post-type=\"page\">\n\t\t\t\t\t\t<section class=\"elementor-section elementor-top-section elementor-element elementor-element-4618edc elementor-section-boxed elementor-section-height-default elementor-section-height-default\" data-id=\"4618edc\" data-element_type=\"section\" data-e-type=\"section\">\n\t\t\t\t\t\t<div class=\"elementor-container elementor-column-gap-default\">\n\t\t\t\t\t<div class=\"elementor-column elementor-col-100 elementor-top-column elementor-element elementor-element-30e91043\" data-id=\"30e91043\" data-element_type=\"column\" data-e-type=\"column\">\n\t\t\t<div class=\"elementor-widget-wrap elementor-element-populated\">\n\t\t\t\t\t\t<div class=\"elementor-element elementor-element-3b34605b elementor-widget elementor-widget-heading\" data-id=\"3b34605b\" data-element_type=\"widget\" data-e-type=\"widget\" data-widget_type=\"heading.default\">\n\t\t\t\t<div class=\"elementor-widget-container\">\n\t\t\t\t\t<h2 class=\"elementor-heading-title elementor-size-default\">Vous souhaitez obtenir\nplus d\u2019information ?<\/h2>\t\t\t\t<\/div>\n\t\t\t\t<\/div>\n\t\t\t\t\t<\/div>\n\t\t<\/div>\n\t\t\t\t\t<\/div>\n\t\t<\/section>\n\t\t\t\t<section class=\"elementor-section elementor-top-section elementor-element elementor-element-37619b33 elementor-section-boxed elementor-section-height-default elementor-section-height-default\" data-id=\"37619b33\" data-element_type=\"section\" data-e-type=\"section\">\n\t\t\t\t\t\t<div class=\"elementor-container elementor-column-gap-default\">\n\t\t\t\t\t<div class=\"elementor-column elementor-col-100 elementor-top-column elementor-element elementor-element-50a00fdd\" data-id=\"50a00fdd\" data-element_type=\"column\" data-e-type=\"column\" data-settings=\"{&quot;background_background&quot;:&quot;classic&quot;}\">\n\t\t\t<div class=\"elementor-widget-wrap elementor-element-populated\">\n\t\t\t\t\t\t<div class=\"elementor-element elementor-element-1fc8785 elementor-button-align-start elementor-widget elementor-widget-form\" data-id=\"1fc8785\" data-element_type=\"widget\" data-e-type=\"widget\" data-settings=\"{&quot;step_next_label&quot;:&quot;Suivant&quot;,&quot;step_previous_label&quot;:&quot;Pr\\u00e9c\\u00e9dent&quot;,&quot;button_width&quot;:&quot;100&quot;,&quot;step_type&quot;:&quot;number_text&quot;,&quot;step_icon_shape&quot;:&quot;circle&quot;}\" data-widget_type=\"form.default\">\n\t\t\t\t<div class=\"elementor-widget-container\">\n\t\t\t\t\t\t\t<form class=\"elementor-form\" method=\"post\" name=\"Nouveau prospect\" aria-label=\"Nouveau prospect\">\n\t\t\t<input type=\"hidden\" name=\"post_id\" value=\"190\"\/>\n\t\t\t<input type=\"hidden\" name=\"form_id\" value=\"1fc8785\"\/>\n\t\t\t<input type=\"hidden\" name=\"referer_title\" value=\"Contact - Belorder\" \/>\n\n\t\t\t\t\t\t\t<input type=\"hidden\" name=\"queried_id\" value=\"190\"\/>\n\t\t\t\n\t\t\t<div class=\"elementor-form-fields-wrapper elementor-labels-above\">\n\t\t\t\t\t\t\t\t<div class=\"elementor-field-type-text elementor-field-group elementor-column elementor-field-group-field_1bd4787 elementor-col-50 elementor-field-required elementor-mark-required\">\n\t\t\t\t\t\t\t\t\t\t\t\t<label for=\"form-field-field_1bd4787\" class=\"elementor-field-label\">\n\t\t\t\t\t\t\t\tPr\u00e9nom\t\t\t\t\t\t\t<\/label>\n\t\t\t\t\t\t\t\t\t\t\t\t\t\t<input size=\"1\" type=\"text\" name=\"form_fields[field_1bd4787]\" id=\"form-field-field_1bd4787\" class=\"elementor-field elementor-size-lg  elementor-field-textual\" placeholder=\"Entrez votre pr\u00e9nom...\" required=\"required\">\n\t\t\t\t\t\t\t\t\t\t\t<\/div>\n\t\t\t\t\t\t\t\t<div class=\"elementor-field-type-text elementor-field-group elementor-column elementor-field-group-field_8e0de71 elementor-col-50 elementor-field-required elementor-mark-required\">\n\t\t\t\t\t\t\t\t\t\t\t\t<label for=\"form-field-field_8e0de71\" class=\"elementor-field-label\">\n\t\t\t\t\t\t\t\tNom\t\t\t\t\t\t\t<\/label>\n\t\t\t\t\t\t\t\t\t\t\t\t\t\t<input size=\"1\" type=\"text\" name=\"form_fields[field_8e0de71]\" id=\"form-field-field_8e0de71\" class=\"elementor-field elementor-size-lg  elementor-field-textual\" placeholder=\"Entrez votre nom...\" required=\"required\">\n\t\t\t\t\t\t\t\t\t\t\t<\/div>\n\t\t\t\t\t\t\t\t<div class=\"elementor-field-type-email elementor-field-group elementor-column elementor-field-group-email elementor-col-50 elementor-field-required elementor-mark-required\">\n\t\t\t\t\t\t\t\t\t\t\t\t<label for=\"form-field-email\" class=\"elementor-field-label\">\n\t\t\t\t\t\t\t\tE-mail\t\t\t\t\t\t\t<\/label>\n\t\t\t\t\t\t\t\t\t\t\t\t\t\t<input size=\"1\" type=\"email\" name=\"form_fields[email]\" id=\"form-field-email\" class=\"elementor-field elementor-size-lg  elementor-field-textual\" placeholder=\"Entrez votre e-mail\" required=\"required\">\n\t\t\t\t\t\t\t\t\t\t\t<\/div>\n\t\t\t\t\t\t\t\t<div class=\"elementor-field-type-tel elementor-field-group elementor-column elementor-field-group-field_a630af2 elementor-col-50 elementor-field-required elementor-mark-required\">\n\t\t\t\t\t\t\t\t\t\t\t\t<label for=\"form-field-field_a630af2\" class=\"elementor-field-label\">\n\t\t\t\t\t\t\t\tT\u00e9l\u00e9phone\t\t\t\t\t\t\t<\/label>\n\t\t\t\t\t\t\t\t<input size=\"1\" type=\"tel\" name=\"form_fields[field_a630af2]\" id=\"form-field-field_a630af2\" class=\"elementor-field elementor-size-lg  elementor-field-textual\" placeholder=\"Entrez votre t\u00e9l\u00e9phone\" required=\"required\" pattern=\"[0-9()#&amp;+*-=.]+\" title=\"Only numbers and phone characters (#, -, *, etc) are accepted.\">\n\n\t\t\t\t\t\t<\/div>\n\t\t\t\t\t\t\t\t<div class=\"elementor-field-type-text elementor-field-group elementor-column elementor-field-group-name elementor-col-100 elementor-field-required elementor-mark-required\">\n\t\t\t\t\t\t\t\t\t\t\t\t<label for=\"form-field-name\" class=\"elementor-field-label\">\n\t\t\t\t\t\t\t\tNom de l'\u00e9tablissement\t\t\t\t\t\t\t<\/label>\n\t\t\t\t\t\t\t\t\t\t\t\t\t\t<input size=\"1\" type=\"text\" name=\"form_fields[name]\" id=\"form-field-name\" class=\"elementor-field elementor-size-lg  elementor-field-textual\" placeholder=\"Entrez le nom de l&#039;\u00e9tablissement\" required=\"required\">\n\t\t\t\t\t\t\t\t\t\t\t<\/div>\n\t\t\t\t\t\t\t\t<div class=\"elementor-field-type-text elementor-field-group elementor-column elementor-field-group-field_f67f1ce elementor-col-100\">\n\t\t\t\t\t\t\t\t\t\t\t\t<label for=\"form-field-field_f67f1ce\" class=\"elementor-field-label\">\n\t\t\t\t\t\t\t\tSIRET (si soci\u00e9t\u00e9 d\u00e9j\u00e0 cr\u00e9\u00e9)\t\t\t\t\t\t\t<\/label>\n\t\t\t\t\t\t\t\t\t\t\t\t\t\t<input size=\"1\" type=\"text\" name=\"form_fields[field_f67f1ce]\" id=\"form-field-field_f67f1ce\" class=\"elementor-field elementor-size-lg  elementor-field-textual\" placeholder=\"Entrez votre num\u00e9ro SIRET\">\n\t\t\t\t\t\t\t\t\t\t\t<\/div>\n\t\t\t\t\t\t\t\t<div class=\"elementor-field-type-select elementor-field-group elementor-column elementor-field-group-field_41b6228 elementor-col-50\">\n\t\t\t\t\t\t\t\t\t\t\t\t<label for=\"form-field-field_41b6228\" class=\"elementor-field-label\">\n\t\t\t\t\t\t\t\tSyst\u00e8me de caisse\t\t\t\t\t\t\t<\/label>\n\t\t\t\t\t\t\t\t<div class=\"elementor-field elementor-select-wrapper remove-before \">\n\t\t\t<div class=\"select-caret-down-wrapper\">\n\t\t\t\t<svg aria-hidden=\"true\" class=\"e-font-icon-svg e-eicon-caret-down\" viewBox=\"0 0 571.4 571.4\" xmlns=\"http:\/\/www.w3.org\/2000\/svg\"><path d=\"M571 393Q571 407 561 418L311 668Q300 679 286 679T261 668L11 418Q0 407 0 393T11 368 36 357H536Q550 357 561 368T571 393Z\"><\/path><\/svg>\t\t\t<\/div>\n\t\t\t<select name=\"form_fields[field_41b6228]\" id=\"form-field-field_41b6228\" class=\"elementor-field-textual elementor-size-lg\">\n\t\t\t\t\t\t\t\t\t<option value=\"- S\u00e9lectionnez votre POS -\">- S\u00e9lectionnez votre POS -<\/option>\n\t\t\t\t\t\t\t\t\t<option value=\"Je n&#039;ai pas de caisse\">Je n&#039;ai pas de caisse<\/option>\n\t\t\t\t\t\t\t\t\t<option value=\"Zelty\">Zelty<\/option>\n\t\t\t\t\t\t\t\t\t<option value=\"Cashpad\">Cashpad<\/option>\n\t\t\t\t\t\t\t\t\t<option value=\"Lightspeed\">Lightspeed<\/option>\n\t\t\t\t\t\t\t\t\t<option value=\"Menlog\">Menlog<\/option>\n\t\t\t\t\t\t\t\t\t<option value=\"Oracle\">Oracle<\/option>\n\t\t\t\t\t\t\t\t\t<option value=\"Trivec\">Trivec<\/option>\n\t\t\t\t\t\t\t\t\t<option value=\"L&#039;Addition\">L&#039;Addition<\/option>\n\t\t\t\t\t\t\t\t\t<option value=\"Autre (\u00e0 pr\u00e9ciser)\">Autre (\u00e0 pr\u00e9ciser)<\/option>\n\t\t\t\t\t\t\t<\/select>\n\t\t<\/div>\n\t\t\t\t\t\t<\/div>\n\t\t\t\t\t\t\t\t<div class=\"elementor-field-type-select elementor-field-group elementor-column elementor-field-group-field_3aa57a8 elementor-col-50 elementor-field-required elementor-mark-required\">\n\t\t\t\t\t\t\t\t\t\t\t\t<label for=\"form-field-field_3aa57a8\" class=\"elementor-field-label\">\n\t\t\t\t\t\t\t\tNombre d'\u00e9tablissement(s)\t\t\t\t\t\t\t<\/label>\n\t\t\t\t\t\t\t\t<div class=\"elementor-field elementor-select-wrapper remove-before \">\n\t\t\t<div class=\"select-caret-down-wrapper\">\n\t\t\t\t<svg aria-hidden=\"true\" class=\"e-font-icon-svg e-eicon-caret-down\" viewBox=\"0 0 571.4 571.4\" xmlns=\"http:\/\/www.w3.org\/2000\/svg\"><path d=\"M571 393Q571 407 561 418L311 668Q300 679 286 679T261 668L11 418Q0 407 0 393T11 368 36 357H536Q550 357 561 368T571 393Z\"><\/path><\/svg>\t\t\t<\/div>\n\t\t\t<select name=\"form_fields[field_3aa57a8]\" id=\"form-field-field_3aa57a8\" class=\"elementor-field-textual elementor-size-lg\" required=\"required\">\n\t\t\t\t\t\t\t\t\t<option value=\"- Nombre d&#039;\u00e9tablissement(s) -\">- Nombre d&#039;\u00e9tablissement(s) -<\/option>\n\t\t\t\t\t\t\t\t\t<option value=\"1\">1<\/option>\n\t\t\t\t\t\t\t\t\t<option value=\"2\">2<\/option>\n\t\t\t\t\t\t\t\t\t<option value=\"3\">3<\/option>\n\t\t\t\t\t\t\t\t\t<option value=\"4\">4<\/option>\n\t\t\t\t\t\t\t\t\t<option value=\"5\">5<\/option>\n\t\t\t\t\t\t\t\t\t<option value=\"6\">6<\/option>\n\t\t\t\t\t\t\t\t\t<option value=\"7\">7<\/option>\n\t\t\t\t\t\t\t\t\t<option value=\"8\">8<\/option>\n\t\t\t\t\t\t\t\t\t<option value=\"9\">9<\/option>\n\t\t\t\t\t\t\t\t\t<option value=\"Plus de 10\">Plus de 10<\/option>\n\t\t\t\t\t\t\t<\/select>\n\t\t<\/div>\n\t\t\t\t\t\t<\/div>\n\t\t\t\t\t\t\t\t<div class=\"elementor-field-type-checkbox elementor-field-group elementor-column elementor-field-group-field_59cab30 elementor-col-100\">\n\t\t\t\t\t\t\t\t\t\t\t\t<label for=\"form-field-field_59cab30\" class=\"elementor-field-label\">\n\t\t\t\t\t\t\t\tSolution(s) souhait\u00e9es(s)\t\t\t\t\t\t\t<\/label>\n\t\t\t\t\t\t<div class=\"elementor-field-subgroup  \"><span class=\"elementor-field-option\"><input type=\"checkbox\" value=\"Bornes de commande\" id=\"form-field-field_59cab30-0\" name=\"form_fields[field_59cab30][]\"> <label for=\"form-field-field_59cab30-0\">Bornes de commande<\/label><\/span><span class=\"elementor-field-option\"><input type=\"checkbox\" value=\"Click &amp; Collect (Web App)\" id=\"form-field-field_59cab30-1\" name=\"form_fields[field_59cab30][]\"> <label for=\"form-field-field_59cab30-1\">Click & Collect (Web App)<\/label><\/span><span class=\"elementor-field-option\"><input type=\"checkbox\" value=\"Livraison Uber Direct\" id=\"form-field-field_59cab30-2\" name=\"form_fields[field_59cab30][]\"> <label for=\"form-field-field_59cab30-2\">Livraison Uber Direct<\/label><\/span><span class=\"elementor-field-option\"><input type=\"checkbox\" value=\"Commande \u00e0 table\" id=\"form-field-field_59cab30-3\" name=\"form_fields[field_59cab30][]\"> <label for=\"form-field-field_59cab30-3\">Commande \u00e0 table<\/label><\/span><span class=\"elementor-field-option\"><input type=\"checkbox\" value=\"\u00c9cran de cuisine (KDS)\" id=\"form-field-field_59cab30-4\" name=\"form_fields[field_59cab30][]\"> <label for=\"form-field-field_59cab30-4\">\u00c9cran de cuisine (KDS)<\/label><\/span><span class=\"elementor-field-option\"><input type=\"checkbox\" value=\"\u00c9cran d&#039;appel client (OCS)\" id=\"form-field-field_59cab30-5\" name=\"form_fields[field_59cab30][]\"> <label for=\"form-field-field_59cab30-5\">\u00c9cran d'appel client (OCS)<\/label><\/span><span class=\"elementor-field-option\"><input type=\"checkbox\" value=\"Application Mobile (iOS \/ Android)\" id=\"form-field-field_59cab30-6\" name=\"form_fields[field_59cab30][]\"> <label for=\"form-field-field_59cab30-6\">Application Mobile (iOS \/ Android)<\/label><\/span><span class=\"elementor-field-option\"><input type=\"checkbox\" value=\"Agr\u00e9gateur de commande\" id=\"form-field-field_59cab30-7\" name=\"form_fields[field_59cab30][]\"> <label for=\"form-field-field_59cab30-7\">Agr\u00e9gateur de commande<\/label><\/span><span class=\"elementor-field-option\"><input type=\"checkbox\" value=\"Site internet\" id=\"form-field-field_59cab30-8\" name=\"form_fields[field_59cab30][]\"> <label for=\"form-field-field_59cab30-8\">Site internet<\/label><\/span><\/div>\t\t\t\t<\/div>\n\t\t\t\t\t\t\t\t<div class=\"elementor-field-type-textarea elementor-field-group elementor-column elementor-field-group-field_fdee524 elementor-col-100\">\n\t\t\t\t\t\t\t\t\t\t\t\t<label for=\"form-field-field_fdee524\" class=\"elementor-field-label\">\n\t\t\t\t\t\t\t\tCommentaire\t\t\t\t\t\t\t<\/label>\n\t\t\t\t\t\t<textarea class=\"elementor-field-textual elementor-field  elementor-size-lg\" name=\"form_fields[field_fdee524]\" id=\"form-field-field_fdee524\" rows=\"5\" placeholder=\"D\u00e9crivez-nous votre demande...\"><\/textarea>\t\t\t\t<\/div>\n\t\t\t\t\t\t\t\t<div class=\"elementor-field-type-text elementor-field-group elementor-column elementor-field-group-field_ce00b4f elementor-col-100 elementor-field-required elementor-mark-required\">\n\t\t\t\t\t\t\t\t\t\t\t\t<label for=\"form-field-field_ce00b4f\" class=\"elementor-field-label\">\n\t\t\t\t\t\t\t\tComment connaissez-vous Belorder ?\t\t\t\t\t\t\t<\/label>\n\t\t\t\t\t\t\t\t\t\t\t\t\t\t<input size=\"1\" type=\"text\" name=\"form_fields[field_ce00b4f]\" id=\"form-field-field_ce00b4f\" class=\"elementor-field elementor-size-lg  elementor-field-textual\" placeholder=\"D\u00eetes-nous en plus...\" required=\"required\">\n\t\t\t\t\t\t\t\t\t\t\t<\/div>\n\t\t\t\t\t\t\t\t<div class=\"elementor-field-type-acceptance elementor-field-group elementor-column elementor-field-group-field_88cb5f9 elementor-col-100 elementor-field-required elementor-mark-required\">\n\t\t\t\t\t\t\t<div class=\"elementor-field-subgroup\">\n\t\t\t<span class=\"elementor-field-option\">\n\t\t\t\t<input type=\"checkbox\" name=\"form_fields[field_88cb5f9]\" id=\"form-field-field_88cb5f9\" class=\"elementor-field elementor-size-lg  elementor-acceptance-field\" required=\"required\">\n\t\t\t\t<label for=\"form-field-field_88cb5f9\">J'accepte la politique de donn\u00e9es pour le traitement de ma demande.<\/label>\t\t\t<\/span>\n\t\t<\/div>\n\t\t\t\t\t\t<\/div>\n\t\t\t\t\t\t\t\t<div class=\"elementor-field-type-recaptcha_v3 elementor-field-group elementor-column elementor-field-group-field_f835ac4 elementor-col-100 recaptcha_v3-bottomright\">\n\t\t\t\t\t<div class=\"elementor-field\" id=\"form-field-field_f835ac4\"><div class=\"elementor-g-recaptcha\" data-sitekey=\"6LfQ9vgqAAAAAIPCe0CJAtSQOfDdrpdTcOfyGWsM\" data-type=\"v3\" data-action=\"Form\" data-badge=\"bottomright\" data-size=\"invisible\"><\/div><\/div>\t\t\t\t<\/div>\n\t\t\t\t\t\t\t\t<div class=\"elementor-field-group elementor-column elementor-field-type-submit elementor-col-100 e-form__buttons\">\n\t\t\t\t\t<button class=\"elementor-button elementor-size-lg\" type=\"submit\">\n\t\t\t\t\t\t<span class=\"elementor-button-content-wrapper\">\n\t\t\t\t\t\t\t\t\t\t\t\t\t\t\t\t\t\t\t\t\t\t<span class=\"elementor-button-text\">\u00catre recontact\u00e9<\/span>\n\t\t\t\t\t\t\t\t\t\t\t\t\t<\/span>\n\t\t\t\t\t<\/button>\n\t\t\t\t<\/div>\n\t\t\t<\/div>\n\t\t<\/form>\n\t\t\t\t\t\t<\/div>\n\t\t\t\t<\/div>\n\t\t\t\t\t<\/div>\n\t\t<\/div>\n\t\t\t\t\t<\/div>\n\t\t<\/section>\n\t\t\t\t<\/div>\n\t\t","protected":false},"excerpt":{"rendered":"<p>Would you like more information?<\/p>","protected":false},"author":1,"featured_media":0,"parent":0,"menu_order":0,"comment_status":"closed","ping_status":"closed","template":"elementor_header_footer","meta":{"footnotes":""},"class_list":["post-190","page","type-page","status-publish","hentry"],"yoast_head":"<!-- This site is optimized with the Yoast SEO plugin v27.4 - https:\/\/yoast.com\/product\/yoast-seo-wordpress\/ -->\n<title>Contact - Belorder<\/title>\n<meta name=\"robots\" content=\"index, follow, max-snippet:-1, max-image-preview:large, max-video-preview:-1\" \/>\n<link rel=\"canonical\" href=\"https:\/\/belorder.com\/en\/contact\/\" \/>\n<meta property=\"og:locale\" content=\"en_GB\" \/>\n<meta property=\"og:type\" content=\"article\" \/>\n<meta property=\"og:title\" content=\"Contact - Belorder\" \/>\n<meta property=\"og:description\" content=\"Vous souhaitez obtenir plus d\u2019information ?\" \/>\n<meta property=\"og:url\" content=\"https:\/\/belorder.com\/en\/contact\/\" \/>\n<meta property=\"og:site_name\" content=\"Belorder\" \/>\n<meta property=\"article:modified_time\" content=\"2026-03-07T19:35:33+00:00\" \/>\n<meta name=\"twitter:card\" content=\"summary_large_image\" \/>\n<meta name=\"twitter:label1\" content=\"Estimated reading time\" \/>\n\t<meta name=\"twitter:data1\" content=\"1 minute\" \/>\n<script type=\"application\/ld+json\" class=\"yoast-schema-graph\">{\"@context\":\"https:\\\/\\\/schema.org\",\"@graph\":[{\"@type\":\"WebPage\",\"@id\":\"https:\\\/\\\/belorder.com\\\/contact\\\/\",\"url\":\"https:\\\/\\\/belorder.com\\\/contact\\\/\",\"name\":\"Contact - Belorder\",\"isPartOf\":{\"@id\":\"https:\\\/\\\/belorder.com\\\/#website\"},\"datePublished\":\"2025-03-23T13:41:26+00:00\",\"dateModified\":\"2026-03-07T19:35:33+00:00\",\"breadcrumb\":{\"@id\":\"https:\\\/\\\/belorder.com\\\/contact\\\/#breadcrumb\"},\"inLanguage\":\"en-GB\",\"potentialAction\":[{\"@type\":\"ReadAction\",\"target\":[\"https:\\\/\\\/belorder.com\\\/contact\\\/\"]}]},{\"@type\":\"BreadcrumbList\",\"@id\":\"https:\\\/\\\/belorder.com\\\/contact\\\/#breadcrumb\",\"itemListElement\":[{\"@type\":\"ListItem\",\"position\":1,\"name\":\"Home\",\"item\":\"https:\\\/\\\/belorder.com\\\/\"},{\"@type\":\"ListItem\",\"position\":2,\"name\":\"Contact\"}]},{\"@type\":\"WebSite\",\"@id\":\"https:\\\/\\\/belorder.com\\\/#website\",\"url\":\"https:\\\/\\\/belorder.com\\\/\",\"name\":\"Belorder\",\"description\":\"\",\"publisher\":{\"@id\":\"https:\\\/\\\/belorder.com\\\/#organization\"},\"potentialAction\":[{\"@type\":\"SearchAction\",\"target\":{\"@type\":\"EntryPoint\",\"urlTemplate\":\"https:\\\/\\\/belorder.com\\\/?s={search_term_string}\"},\"query-input\":{\"@type\":\"PropertyValueSpecification\",\"valueRequired\":true,\"valueName\":\"search_term_string\"}}],\"inLanguage\":\"en-GB\"},{\"@type\":\"Organization\",\"@id\":\"https:\\\/\\\/belorder.com\\\/#organization\",\"name\":\"Belorder\",\"url\":\"https:\\\/\\\/belorder.com\\\/\",\"logo\":{\"@type\":\"ImageObject\",\"inLanguage\":\"en-GB\",\"@id\":\"https:\\\/\\\/belorder.com\\\/#\\\/schema\\\/logo\\\/image\\\/\",\"url\":\"https:\\\/\\\/belorder.com\\\/wp-content\\\/uploads\\\/2025\\\/03\\\/cropped-Logo-Belorder.com_blanc-retina.webp\",\"contentUrl\":\"https:\\\/\\\/belorder.com\\\/wp-content\\\/uploads\\\/2025\\\/03\\\/cropped-Logo-Belorder.com_blanc-retina.webp\",\"width\":400,\"height\":84,\"caption\":\"Belorder\"},\"image\":{\"@id\":\"https:\\\/\\\/belorder.com\\\/#\\\/schema\\\/logo\\\/image\\\/\"},\"sameAs\":[\"https:\\\/\\\/fr.linkedin.com\\\/company\\\/belorder\",\"https:\\\/\\\/www.instagram.com\\\/belorder_fr\\\/\"]}]}<\/script>\n<!-- \/ Yoast SEO plugin. -->","yoast_head_json":{"title":"Contact - Belorder","robots":{"index":"index","follow":"follow","max-snippet":"max-snippet:-1","max-image-preview":"max-image-preview:large","max-video-preview":"max-video-preview:-1"},"canonical":"https:\/\/belorder.com\/en\/contact\/","og_locale":"en_GB","og_type":"article","og_title":"Contact - Belorder","og_description":"Vous souhaitez obtenir plus d\u2019information ?","og_url":"https:\/\/belorder.com\/en\/contact\/","og_site_name":"Belorder","article_modified_time":"2026-03-07T19:35:33+00:00","twitter_card":"summary_large_image","twitter_misc":{"Estimated reading time":"1 minute"},"schema":{"@context":"https:\/\/schema.org","@graph":[{"@type":"WebPage","@id":"https:\/\/belorder.com\/contact\/","url":"https:\/\/belorder.com\/contact\/","name":"Contact - Belorder","isPartOf":{"@id":"https:\/\/belorder.com\/#website"},"datePublished":"2025-03-23T13:41:26+00:00","dateModified":"2026-03-07T19:35:33+00:00","breadcrumb":{"@id":"https:\/\/belorder.com\/contact\/#breadcrumb"},"inLanguage":"en-GB","potentialAction":[{"@type":"ReadAction","target":["https:\/\/belorder.com\/contact\/"]}]},{"@type":"BreadcrumbList","@id":"https:\/\/belorder.com\/contact\/#breadcrumb","itemListElement":[{"@type":"ListItem","position":1,"name":"Home","item":"https:\/\/belorder.com\/"},{"@type":"ListItem","position":2,"name":"Contact"}]},{"@type":"WebSite","@id":"https:\/\/belorder.com\/#website","url":"https:\/\/belorder.com\/","name":"Belorder","description":"","publisher":{"@id":"https:\/\/belorder.com\/#organization"},"potentialAction":[{"@type":"SearchAction","target":{"@type":"EntryPoint","urlTemplate":"https:\/\/belorder.com\/?s={search_term_string}"},"query-input":{"@type":"PropertyValueSpecification","valueRequired":true,"valueName":"search_term_string"}}],"inLanguage":"en-GB"},{"@type":"Organization","@id":"https:\/\/belorder.com\/#organization","name":"Belorder","url":"https:\/\/belorder.com\/","logo":{"@type":"ImageObject","inLanguage":"en-GB","@id":"https:\/\/belorder.com\/#\/schema\/logo\/image\/","url":"https:\/\/belorder.com\/wp-content\/uploads\/2025\/03\/cropped-Logo-Belorder.com_blanc-retina.webp","contentUrl":"https:\/\/belorder.com\/wp-content\/uploads\/2025\/03\/cropped-Logo-Belorder.com_blanc-retina.webp","width":400,"height":84,"caption":"Belorder"},"image":{"@id":"https:\/\/belorder.com\/#\/schema\/logo\/image\/"},"sameAs":["https:\/\/fr.linkedin.com\/company\/belorder","https:\/\/www.instagram.com\/belorder_fr\/"]}]}},"_links":{"self":[{"href":"https:\/\/belorder.com\/en\/wp-json\/wp\/v2\/pages\/190","targetHints":{"allow":["GET"]}}],"collection":[{"href":"https:\/\/belorder.com\/en\/wp-json\/wp\/v2\/pages"}],"about":[{"href":"https:\/\/belorder.com\/en\/wp-json\/wp\/v2\/types\/page"}],"author":[{"embeddable":true,"href":"https:\/\/belorder.com\/en\/wp-json\/wp\/v2\/users\/1"}],"replies":[{"embeddable":true,"href":"https:\/\/belorder.com\/en\/wp-json\/wp\/v2\/comments?post=190"}],"version-history":[{"count":37,"href":"https:\/\/belorder.com\/en\/wp-json\/wp\/v2\/pages\/190\/revisions"}],"predecessor-version":[{"id":953,"href":"https:\/\/belorder.com\/en\/wp-json\/wp\/v2\/pages\/190\/revisions\/953"}],"wp:attachment":[{"href":"https:\/\/belorder.com\/en\/wp-json\/wp\/v2\/media?parent=190"}],"curies":[{"name":"wp","href":"https:\/\/api.w.org\/{rel}","templated":true}]}}