{"id":180,"date":"2025-03-23T14:41:25","date_gmt":"2025-03-23T13:41:25","guid":{"rendered":"https:\/\/belorder.com\/cgu\/"},"modified":"2025-03-23T22:31:12","modified_gmt":"2025-03-23T21:31:12","slug":"cgu","status":"publish","type":"page","link":"https:\/\/belorder.com\/en\/cgu\/","title":{"rendered":"CGU"},"content":{"rendered":"<div data-elementor-type=\"wp-page\" data-elementor-id=\"180\" class=\"elementor elementor-180\" data-elementor-post-type=\"page\">\n\t\t\t\t\t\t<section class=\"elementor-section elementor-top-section elementor-element elementor-element-12b6a8ba elementor-section-boxed elementor-section-height-default elementor-section-height-default\" data-id=\"12b6a8ba\" data-element_type=\"section\" data-e-type=\"section\" data-settings=\"{&quot;background_background&quot;:&quot;classic&quot;}\">\n\t\t\t\t\t\t<div class=\"elementor-container elementor-column-gap-default\">\n\t\t\t\t\t<div class=\"elementor-column elementor-col-100 elementor-top-column elementor-element elementor-element-4eff767a\" data-id=\"4eff767a\" data-element_type=\"column\" data-e-type=\"column\">\n\t\t\t<div class=\"elementor-widget-wrap elementor-element-populated\">\n\t\t\t\t\t\t<div class=\"elementor-element elementor-element-7e78feb6 elementor-widget elementor-widget-heading\" data-id=\"7e78feb6\" data-element_type=\"widget\" data-e-type=\"widget\" data-widget_type=\"heading.default\">\n\t\t\t\t<div class=\"elementor-widget-container\">\n\t\t\t\t\t<h2 class=\"elementor-heading-title elementor-size-default\">CGU<\/h2>\t\t\t\t<\/div>\n\t\t\t\t<\/div>\n\t\t\t\t\t<\/div>\n\t\t<\/div>\n\t\t\t\t\t<\/div>\n\t\t<\/section>\n\t\t\t\t<section class=\"elementor-section elementor-top-section elementor-element elementor-element-7e102bc5 elementor-section-boxed elementor-section-height-default elementor-section-height-default\" data-id=\"7e102bc5\" data-element_type=\"section\" data-e-type=\"section\">\n\t\t\t\t\t\t<div class=\"elementor-container elementor-column-gap-default\">\n\t\t\t\t\t<div class=\"elementor-column elementor-col-100 elementor-top-column elementor-element elementor-element-5ed36699\" data-id=\"5ed36699\" data-element_type=\"column\" data-e-type=\"column\">\n\t\t\t<div class=\"elementor-widget-wrap elementor-element-populated\">\n\t\t\t\t\t\t<div class=\"elementor-element elementor-element-28e4e26 elementor-widget elementor-widget-text-editor\" data-id=\"28e4e26\" data-element_type=\"widget\" data-e-type=\"widget\" data-widget_type=\"text-editor.default\">\n\t\t\t\t<div class=\"elementor-widget-container\">\n\t\t\t\t\t\t\t\t\t<h1>Terms and conditions of use<\/h1><p>We would like to draw your attention to the fact that you are about to use the BELORDER application (hereinafter the \"Application\"). By using the Application, you expressly declare that you have been informed that the general conditions of the Application are currently being drafted.<\/p><p>The Application is operated by BELORDER, whose registered office is located at 18 rue Aim\u00e9 C\u00e9saire, Saint-Ouen-Sur-Seine and which is registered with the Bobigny Trade and Companies Registry under number 884506064.<\/p><p>The Application enables you to take advantage of the services, the features and functions of which are described on the website (www.belorder.com) (hereinafter the \"Services\"). The Services include in particular:<\/p><ul><li>A service enabling the User to consult the Customer's establishments or any establishment that uses the Customer's customer signs and, in particular, the sign, (hereinafter referred to as a \"Restaurant\"), closest to the address that the User has previously entered or determined on the basis of his\/her geographical location;<\/li><\/ul><ul><li>The provision of a personal space enabling the User to consult and modify the information concerning him\/her, which he\/she will have previously entered when creating said personal space. Via this personal space, Users can also consult their Order history and their loyalty programme. Connecting to this personal area enables the User's identity to be verified, and the User is responsible for his or her connection details. Any use of this service is presumed to be made by the User.<\/li><\/ul><ul><li>The possibility for Users to consult the products offered for sale by the Customer, to select the product(s) they wish to order, to validate their Order and to pay for it by Dematerialised Restaurant Voucher (TRD), or by bank card). This service of placing Orders for products offered for sale by the Customer (hereinafter referred to as an \"Order\") is provided via an application accessible by the User and for which the Customer is the operator and responsible, said Order being transmitted and then processed by the Service Provider via an interface (hereinafter referred to as the \"Interface\") and by means of technology (hereinafter referred to as the \"Technology\") owned by the Service Provider, in order to be sent to the Restaurant concerned.<\/li><\/ul><ul><li>The possibility of collecting the Order directly from the Customer.<\/li><\/ul><p>Where applicable, the duration of the commitment as well as the price and terms of payment for the Services and use of the Application were indicated to you when you registered for the Application.<\/p><p>Furthermore, in accordance with the provisions of article L.111-1 of the French Consumer Code, you acknowledge that you have been informed prior to your use of the Services and expressly accept that :<\/p><ul><li>you have a right of withdrawal of 14 days from the date of your registration on the Application. You can exercise your right of withdrawal by sending us\u00a0<a href=\"https:\/\/belorder.com\/wp-content\/uploads\/2021\/02\/Formulaire-de-retractation-BELORDER.pdf\">this form.<\/a><\/li><\/ul><p>However, if you wish to access the Application and Services before the end of the withdrawal period, you agree to waive the right of withdrawal, in accordance with the provisions of articles L.221-25 and L.221-26 of the French Consumer Code. If you exercise your right to withdraw, you will be reimbursed for the price of the Services, calculated on a pro rata basis for the time elapsed until you were informed of your decision to withdraw.<\/p><ul><li>you may have recourse to the Centre de m\u00e9diation et de r\u00e8glement amiable des huissiers de justice (Medicys), 73 Boulevard de Clichy, 75009 Paris.<ul><li><a href=\"mailto:contact@medicys.fr\">contact@medicys.fr<\/a><\/li><li>01 49 70 15 93<\/li><li><a href=\"https:\/\/medicys.fr\/\">https:\/\/medicys.fr\/<\/a><\/li><\/ul><\/li><\/ul><p>If you have any questions about the Application and\/or the Services, you can contact us by email at support@belorder.com.<\/p>\t\t\t\t\t\t\t\t<\/div>\n\t\t\t\t<\/div>\n\t\t\t\t\t<\/div>\n\t\t<\/div>\n\t\t\t\t\t<\/div>\n\t\t<\/section>\n\t\t\t\t<\/div>","protected":false},"excerpt":{"rendered":"<p>Conditions G\u00e9n\u00e9rales d\u2019utilisations Nous attirons votre attention sur le fait que vous vous appr\u00eatez \u00e0 utiliser l\u2019application BELORDER (ci-apr\u00e8s l\u2019\u00a0\u00ab\u00a0Application\u00a0\u00bb). En utilisant l\u2019Application, vous attestez express\u00e9ment \u00eatre inform\u00e9 que les conditions g\u00e9n\u00e9rales de l\u2019Application sont en cours de r\u00e9daction. L\u2019Application est exploit\u00e9e par la soci\u00e9t\u00e9 BELORDER dont le si\u00e8ge social est situ\u00e9 18 rue Aim\u00e9 [&hellip;]<\/p>\n","protected":false},"author":1,"featured_media":0,"parent":0,"menu_order":0,"comment_status":"closed","ping_status":"closed","template":"elementor_header_footer","meta":{"footnotes":""},"class_list":["post-180","page","type-page","status-publish","hentry"],"yoast_head":"<!-- This site is optimized with the Yoast SEO plugin v27.4 - https:\/\/yoast.com\/product\/yoast-seo-wordpress\/ -->\n<title>CGU - Belorder<\/title>\n<meta name=\"robots\" content=\"index, follow, max-snippet:-1, max-image-preview:large, max-video-preview:-1\" \/>\n<link rel=\"canonical\" href=\"https:\/\/belorder.com\/en\/cgu\/\" \/>\n<meta property=\"og:locale\" content=\"en_GB\" \/>\n<meta property=\"og:type\" content=\"article\" \/>\n<meta property=\"og:title\" content=\"CGU - Belorder\" \/>\n<meta property=\"og:description\" content=\"Conditions G\u00e9n\u00e9rales d\u2019utilisations Nous attirons votre attention sur le fait que vous vous appr\u00eatez \u00e0 utiliser l\u2019application BELORDER (ci-apr\u00e8s l\u2019\u00a0\u00ab\u00a0Application\u00a0\u00bb). En utilisant l\u2019Application, vous attestez express\u00e9ment \u00eatre inform\u00e9 que les conditions g\u00e9n\u00e9rales de l\u2019Application sont en cours de r\u00e9daction. L\u2019Application est exploit\u00e9e par la soci\u00e9t\u00e9 BELORDER dont le si\u00e8ge social est situ\u00e9 18 rue Aim\u00e9 [&hellip;]\" \/>\n<meta property=\"og:url\" content=\"https:\/\/belorder.com\/en\/cgu\/\" \/>\n<meta property=\"og:site_name\" content=\"Belorder\" \/>\n<meta property=\"article:modified_time\" content=\"2025-03-23T21:31:12+00:00\" \/>\n<meta name=\"twitter:card\" content=\"summary_large_image\" \/>\n<meta name=\"twitter:label1\" content=\"Estimated reading time\" \/>\n\t<meta name=\"twitter:data1\" content=\"3 minutes\" \/>\n<script type=\"application\/ld+json\" class=\"yoast-schema-graph\">{\"@context\":\"https:\\\/\\\/schema.org\",\"@graph\":[{\"@type\":\"WebPage\",\"@id\":\"https:\\\/\\\/belorder.com\\\/en\\\/cgu\\\/\",\"url\":\"https:\\\/\\\/belorder.com\\\/en\\\/cgu\\\/\",\"name\":\"CGU - Belorder\",\"isPartOf\":{\"@id\":\"https:\\\/\\\/belorder.com\\\/#website\"},\"datePublished\":\"2025-03-23T13:41:25+00:00\",\"dateModified\":\"2025-03-23T21:31:12+00:00\",\"breadcrumb\":{\"@id\":\"https:\\\/\\\/belorder.com\\\/en\\\/cgu\\\/#breadcrumb\"},\"inLanguage\":\"en-GB\",\"potentialAction\":[{\"@type\":\"ReadAction\",\"target\":[\"https:\\\/\\\/belorder.com\\\/en\\\/cgu\\\/\"]}]},{\"@type\":\"BreadcrumbList\",\"@id\":\"https:\\\/\\\/belorder.com\\\/en\\\/cgu\\\/#breadcrumb\",\"itemListElement\":[{\"@type\":\"ListItem\",\"position\":1,\"name\":\"Home\",\"item\":\"https:\\\/\\\/belorder.com\\\/\"},{\"@type\":\"ListItem\",\"position\":2,\"name\":\"CGU\"}]},{\"@type\":\"WebSite\",\"@id\":\"https:\\\/\\\/belorder.com\\\/#website\",\"url\":\"https:\\\/\\\/belorder.com\\\/\",\"name\":\"Belorder\",\"description\":\"\",\"publisher\":{\"@id\":\"https:\\\/\\\/belorder.com\\\/#organization\"},\"potentialAction\":[{\"@type\":\"SearchAction\",\"target\":{\"@type\":\"EntryPoint\",\"urlTemplate\":\"https:\\\/\\\/belorder.com\\\/?s={search_term_string}\"},\"query-input\":{\"@type\":\"PropertyValueSpecification\",\"valueRequired\":true,\"valueName\":\"search_term_string\"}}],\"inLanguage\":\"en-GB\"},{\"@type\":\"Organization\",\"@id\":\"https:\\\/\\\/belorder.com\\\/#organization\",\"name\":\"Belorder\",\"url\":\"https:\\\/\\\/belorder.com\\\/\",\"logo\":{\"@type\":\"ImageObject\",\"inLanguage\":\"en-GB\",\"@id\":\"https:\\\/\\\/belorder.com\\\/#\\\/schema\\\/logo\\\/image\\\/\",\"url\":\"https:\\\/\\\/belorder.com\\\/wp-content\\\/uploads\\\/2025\\\/03\\\/cropped-Logo-Belorder.com_blanc-retina.webp\",\"contentUrl\":\"https:\\\/\\\/belorder.com\\\/wp-content\\\/uploads\\\/2025\\\/03\\\/cropped-Logo-Belorder.com_blanc-retina.webp\",\"width\":400,\"height\":84,\"caption\":\"Belorder\"},\"image\":{\"@id\":\"https:\\\/\\\/belorder.com\\\/#\\\/schema\\\/logo\\\/image\\\/\"},\"sameAs\":[\"https:\\\/\\\/fr.linkedin.com\\\/company\\\/belorder\",\"https:\\\/\\\/www.instagram.com\\\/belorder_fr\\\/\"]}]}<\/script>\n<!-- \/ Yoast SEO plugin. -->","yoast_head_json":{"title":"Terms and conditions - Belorder","robots":{"index":"index","follow":"follow","max-snippet":"max-snippet:-1","max-image-preview":"max-image-preview:large","max-video-preview":"max-video-preview:-1"},"canonical":"https:\/\/belorder.com\/en\/cgu\/","og_locale":"en_GB","og_type":"article","og_title":"CGU - Belorder","og_description":"Conditions G\u00e9n\u00e9rales d\u2019utilisations Nous attirons votre attention sur le fait que vous vous appr\u00eatez \u00e0 utiliser l\u2019application BELORDER (ci-apr\u00e8s l\u2019\u00a0\u00ab\u00a0Application\u00a0\u00bb). En utilisant l\u2019Application, vous attestez express\u00e9ment \u00eatre inform\u00e9 que les conditions g\u00e9n\u00e9rales de l\u2019Application sont en cours de r\u00e9daction. L\u2019Application est exploit\u00e9e par la soci\u00e9t\u00e9 BELORDER dont le si\u00e8ge social est situ\u00e9 18 rue Aim\u00e9 [&hellip;]","og_url":"https:\/\/belorder.com\/en\/cgu\/","og_site_name":"Belorder","article_modified_time":"2025-03-23T21:31:12+00:00","twitter_card":"summary_large_image","twitter_misc":{"Estimated reading time":"3 minutes"},"schema":{"@context":"https:\/\/schema.org","@graph":[{"@type":"WebPage","@id":"https:\/\/belorder.com\/en\/cgu\/","url":"https:\/\/belorder.com\/en\/cgu\/","name":"Terms and conditions - Belorder","isPartOf":{"@id":"https:\/\/belorder.com\/#website"},"datePublished":"2025-03-23T13:41:25+00:00","dateModified":"2025-03-23T21:31:12+00:00","breadcrumb":{"@id":"https:\/\/belorder.com\/en\/cgu\/#breadcrumb"},"inLanguage":"en-GB","potentialAction":[{"@type":"ReadAction","target":["https:\/\/belorder.com\/en\/cgu\/"]}]},{"@type":"BreadcrumbList","@id":"https:\/\/belorder.com\/en\/cgu\/#breadcrumb","itemListElement":[{"@type":"ListItem","position":1,"name":"Home","item":"https:\/\/belorder.com\/"},{"@type":"ListItem","position":2,"name":"CGU"}]},{"@type":"WebSite","@id":"https:\/\/belorder.com\/#website","url":"https:\/\/belorder.com\/","name":"Belorder","description":"","publisher":{"@id":"https:\/\/belorder.com\/#organization"},"potentialAction":[{"@type":"SearchAction","target":{"@type":"EntryPoint","urlTemplate":"https:\/\/belorder.com\/?s={search_term_string}"},"query-input":{"@type":"PropertyValueSpecification","valueRequired":true,"valueName":"search_term_string"}}],"inLanguage":"en-GB"},{"@type":"Organization","@id":"https:\/\/belorder.com\/#organization","name":"Belorder","url":"https:\/\/belorder.com\/","logo":{"@type":"ImageObject","inLanguage":"en-GB","@id":"https:\/\/belorder.com\/#\/schema\/logo\/image\/","url":"https:\/\/belorder.com\/wp-content\/uploads\/2025\/03\/cropped-Logo-Belorder.com_blanc-retina.webp","contentUrl":"https:\/\/belorder.com\/wp-content\/uploads\/2025\/03\/cropped-Logo-Belorder.com_blanc-retina.webp","width":400,"height":84,"caption":"Belorder"},"image":{"@id":"https:\/\/belorder.com\/#\/schema\/logo\/image\/"},"sameAs":["https:\/\/fr.linkedin.com\/company\/belorder","https:\/\/www.instagram.com\/belorder_fr\/"]}]}},"_links":{"self":[{"href":"https:\/\/belorder.com\/en\/wp-json\/wp\/v2\/pages\/180","targetHints":{"allow":["GET"]}}],"collection":[{"href":"https:\/\/belorder.com\/en\/wp-json\/wp\/v2\/pages"}],"about":[{"href":"https:\/\/belorder.com\/en\/wp-json\/wp\/v2\/types\/page"}],"author":[{"embeddable":true,"href":"https:\/\/belorder.com\/en\/wp-json\/wp\/v2\/users\/1"}],"replies":[{"embeddable":true,"href":"https:\/\/belorder.com\/en\/wp-json\/wp\/v2\/comments?post=180"}],"version-history":[{"count":3,"href":"https:\/\/belorder.com\/en\/wp-json\/wp\/v2\/pages\/180\/revisions"}],"predecessor-version":[{"id":637,"href":"https:\/\/belorder.com\/en\/wp-json\/wp\/v2\/pages\/180\/revisions\/637"}],"wp:attachment":[{"href":"https:\/\/belorder.com\/en\/wp-json\/wp\/v2\/media?parent=180"}],"curies":[{"name":"wp","href":"https:\/\/api.w.org\/{rel}","templated":true}]}}